{"id":15,"date":"2025-04-01T05:16:33","date_gmt":"2025-04-01T05:16:33","guid":{"rendered":"https:\/\/uegegrup.com\/?page_id=15"},"modified":"2025-04-01T05:16:34","modified_gmt":"2025-04-01T05:16:34","slug":"gizlilik-politikasi","status":"publish","type":"page","link":"https:\/\/uegegrup.com\/?page_id=15","title":{"rendered":"Gizlilik Politikas\u0131"},"content":{"rendered":"\n<h2 class=\"wp-block-heading\">Kim oldu\u011fumuz<\/h2>\n\n\n\n<p><strong>\u00d6nerilen metin:<\/strong>\u00a0Web sitemizin adresi: https:\/\/uegegrup.com.<\/p>\n\n\n\n<h2 class=\"wp-block-heading\">Yorumlar<\/h2>\n\n\n\n<p><strong>\u00d6nerilen metin:<\/strong>&nbsp;Ziyaret\u00e7iler sitede yorum b\u0131rakt\u0131\u011f\u0131nda, yorum formunda g\u00f6sterilen veriler, ziyaret\u00e7inin IP adresi ve taray\u0131c\u0131 kullan\u0131c\u0131 arac\u0131s\u0131 dizesi ile birlikte spam tespiti amac\u0131yla toplan\u0131r.<\/p>\n\n\n\n<p>E-posta adresinizden olu\u015fturulan anonimle\u015ftirilmi\u015f bir dize (<strong>hash<\/strong>&nbsp;olarak da adland\u0131r\u0131l\u0131r), Gravatar hizmetine g\u00f6nderilebilir. Gravatar hizmetinin&nbsp;<strong>gizlilik politikas\u0131<\/strong>&nbsp;\u015fu adreste mevcuttur:&nbsp;<a href=\"https:\/\/automattic.com\/privacy\/\">https:\/\/automattic.com\/privacy\/<\/a>. Yorumunuz onayland\u0131ktan sonra, profil resminiz yorum ba\u011flam\u0131nda kamuya g\u00f6r\u00fcn\u00fcr hale gelir.<\/p>\n\n\n\n<h2 class=\"wp-block-heading\">Medya<\/h2>\n\n\n\n<p><strong>\u00d6nerilen metin:<\/strong>&nbsp;Web sitesine resim y\u00fckledi\u011finizde, g\u00f6m\u00fcl\u00fc konum verilerini (<strong>EXIF GPS<\/strong>) i\u00e7eren resimler y\u00fcklemekten ka\u00e7\u0131nmal\u0131s\u0131n\u0131z. Web sitesindeki ziyaret\u00e7iler, resimlerdeki herhangi bir konum verisini indirebilir ve \u00e7\u0131karabilir.<\/p>\n\n\n\n<h2 class=\"wp-block-heading\">\u00c7erezler<\/h2>\n\n\n\n<p><strong>\u00d6nerilen metin:<\/strong>&nbsp;Sitemize bir yorum b\u0131rak\u0131rsan\u0131z, ad\u0131n\u0131z\u0131, e-posta adresinizi ve web sitenizi \u00e7erezlerde kaydetmeyi se\u00e7ebilirsiniz. Bunlar, bir yorum daha b\u0131rakt\u0131\u011f\u0131n\u0131zda bilgilerinizi tekrar doldurmak zorunda kalmaman\u0131z i\u00e7in yap\u0131l\u0131r. Bu \u00e7erezler bir y\u0131l boyunca ge\u00e7erli olur.<\/p>\n\n\n\n<p>E\u011fer giri\u015f sayfam\u0131z\u0131 ziyaret ederseniz, taray\u0131c\u0131n\u0131z\u0131n \u00e7erezleri kabul edip etmedi\u011fini belirlemek i\u00e7in&nbsp;<strong>ge\u00e7ici bir \u00e7erez<\/strong>&nbsp;ayarlanacakt\u0131r. Bu \u00e7erez hi\u00e7bir ki\u015fisel veri i\u00e7ermez ve taray\u0131c\u0131n\u0131z\u0131 kapatt\u0131\u011f\u0131n\u0131zda silinir.<\/p>\n\n\n\n<p>Oturum a\u00e7t\u0131\u011f\u0131n\u0131zda,&nbsp;<strong>giri\u015f bilgilerinizi<\/strong>&nbsp;ve&nbsp;<strong>ekran g\u00f6r\u00fcnt\u00fcleme tercihlerinizi<\/strong>&nbsp;kaydetmek i\u00e7in birka\u00e7 \u00e7erez ayarlanacakt\u0131r. Giri\u015f \u00e7erezleri iki g\u00fcn, ekran se\u00e7enekleri \u00e7erezleri bir y\u0131l boyunca ge\u00e7erlidir. \u201cBeni Hat\u0131rla\u201d se\u00e7ene\u011fini belirlerseniz, giri\u015finiz iki hafta boyunca devam eder. Hesab\u0131n\u0131zdan \u00e7\u0131k\u0131\u015f yaparsan\u0131z, giri\u015f \u00e7erezleri kald\u0131r\u0131lacakt\u0131r.<\/p>\n\n\n\n<p>Bir makaleyi d\u00fczenler veya yay\u0131mlarsan\u0131z, taray\u0131c\u0131n\u0131zda&nbsp;<strong>ek bir \u00e7erez<\/strong>&nbsp;kaydedilecektir. Bu \u00e7erez herhangi bir ki\u015fisel veri i\u00e7ermez ve yaln\u0131zca d\u00fczenledi\u011finiz makalenin g\u00f6nderi kimli\u011fini g\u00f6sterir. 1 g\u00fcn sonra s\u00fcresi dolar.<\/p>\n\n\n\n<h2 class=\"wp-block-heading\">Di\u011fer web sitelerinden g\u00f6m\u00fcl\u00fc i\u00e7erik<\/h2>\n\n\n\n<p><strong>\u00d6nerilen metin:<\/strong>&nbsp;Bu sitedeki makaleler,&nbsp;<strong>g\u00f6m\u00fcl\u00fc i\u00e7erik<\/strong>&nbsp;(\u00f6r. videolar, resimler, makaleler vb.) i\u00e7erebilir. Di\u011fer web sitelerinden g\u00f6m\u00fcl\u00fc i\u00e7erik, ziyaret\u00e7i ilgili di\u011fer web sitesini ziyaret etmi\u015f gibi davran\u0131r.<\/p>\n\n\n\n<p>Bu web siteleri sizinle ilgili veri toplayabilir, \u00e7erezler kullanabilir, \u00fc\u00e7\u00fcnc\u00fc taraf izleme ara\u00e7lar\u0131n\u0131 g\u00f6mebilir ve bu g\u00f6m\u00fcl\u00fc i\u00e7erikle etkile\u015fimlerinizi izleyebilir, hesab\u0131n\u0131z varsa ve bu web sitesine giri\u015f yapt\u0131ysan\u0131z etkile\u015fimlerinizi takip edebilir.<\/p>\n\n\n\n<h2 class=\"wp-block-heading\">Verilerinizi kimlerle payla\u015f\u0131yoruz<\/h2>\n\n\n\n<p><strong>\u00d6nerilen metin:<\/strong>&nbsp;Parola s\u0131f\u0131rlama talebinde bulunursan\u0131z,&nbsp;<strong>IP adresiniz<\/strong>&nbsp;s\u0131f\u0131rlama e-postas\u0131na dahil edilir.<\/p>\n\n\n\n<h2 class=\"wp-block-heading\">Verilerinizi ne kadar s\u00fcre sakl\u0131yoruz<\/h2>\n\n\n\n<p><strong>\u00d6nerilen metin:<\/strong>&nbsp;Bir yorum b\u0131rak\u0131rsan\u0131z, yorum ve meta verileri s\u00fcresiz olarak saklan\u0131r. Bu, takip eden yorumlar\u0131 otomatik olarak tan\u0131mak ve onaylamak i\u00e7in yap\u0131l\u0131r; bu sayede bir moderasyon kuyru\u011funda bekletilmez.<\/p>\n\n\n\n<p>Web sitemize kay\u0131t olan kullan\u0131c\u0131lar (varsa), kullan\u0131c\u0131 profillerinde sa\u011flad\u0131klar\u0131&nbsp;<strong>ki\u015fisel bilgileri<\/strong>&nbsp;de sakl\u0131yoruz. T\u00fcm kullan\u0131c\u0131lar, ki\u015fisel bilgilerini istedikleri zaman g\u00f6rebilir, d\u00fczenleyebilir veya silebilir (<strong>kullan\u0131c\u0131 adlar\u0131n\u0131<\/strong>&nbsp;de\u011fi\u015ftirememe d\u0131\u015f\u0131nda). Web sitesi y\u00f6neticileri de bu bilgileri g\u00f6rebilir ve d\u00fczenleyebilir.<\/p>\n\n\n\n<h2 class=\"wp-block-heading\">Verileriniz \u00fczerindeki haklar\u0131n\u0131z<\/h2>\n\n\n\n<p><strong>\u00d6nerilen metin:<\/strong>&nbsp;Bu sitede bir hesab\u0131n\u0131z varsa veya yorum b\u0131rakt\u0131ysan\u0131z, hakk\u0131n\u0131zda tuttu\u011fumuz ki\u015fisel verilerin bir d\u0131\u015fa aktar\u0131lm\u0131\u015f dosyas\u0131n\u0131 talep edebilirsiniz. Ayr\u0131ca, hakk\u0131n\u0131zda tuttu\u011fumuz t\u00fcm ki\u015fisel verilerin silinmesini talep edebilirsiniz. Bu, idari, yasal veya g\u00fcvenlik ama\u00e7lar\u0131 i\u00e7in tutmam\u0131z gereken hi\u00e7bir veriyi i\u00e7ermez.<\/p>\n\n\n\n<h2 class=\"wp-block-heading\">Verileriniz nereye g\u00f6nderiliyor<\/h2>\n\n\n\n<p><strong>\u00d6nerilen metin:<\/strong>&nbsp;Ziyaret\u00e7i yorumlar\u0131, otomatik bir spam alg\u0131lama hizmeti arac\u0131l\u0131\u011f\u0131yla kontrol edilebilir.<\/p>\n","protected":false},"excerpt":{"rendered":"<p>Kim oldu\u011fumuz \u00d6nerilen metin:\u00a0Web sitemizin adresi: https:\/\/uegegrup.com. Yorumlar \u00d6nerilen metin:&nbsp;Ziyaret\u00e7iler sitede yorum b\u0131rakt\u0131\u011f\u0131nda, yorum formunda g\u00f6sterilen veriler, ziyaret\u00e7inin IP adresi ve taray\u0131c\u0131 kullan\u0131c\u0131 arac\u0131s\u0131 dizesi ile birlikte spam tespiti amac\u0131yla toplan\u0131r. E-posta adresinizden olu\u015fturulan anonimle\u015ftirilmi\u015f bir dize (hash&nbsp;olarak da adland\u0131r\u0131l\u0131r), Gravatar hizmetine g\u00f6nderilebilir. Gravatar hizmetinin&nbsp;gizlilik politikas\u0131&nbsp;\u015fu adreste mevcuttur:&nbsp;https:\/\/automattic.com\/privacy\/. Yorumunuz onayland\u0131ktan sonra, profil resminiz yorum ba\u011flam\u0131nda [&hellip;]<\/p>\n","protected":false},"author":1,"featured_media":0,"parent":0,"menu_order":0,"comment_status":"closed","ping_status":"closed","template":"","meta":{"footnotes":""},"_links":{"self":[{"href":"https:\/\/uegegrup.com\/index.php?rest_route=\/wp\/v2\/pages\/15"}],"collection":[{"href":"https:\/\/uegegrup.com\/index.php?rest_route=\/wp\/v2\/pages"}],"about":[{"href":"https:\/\/uegegrup.com\/index.php?rest_route=\/wp\/v2\/types\/page"}],"author":[{"embeddable":true,"href":"https:\/\/uegegrup.com\/index.php?rest_route=\/wp\/v2\/users\/1"}],"replies":[{"embeddable":true,"href":"https:\/\/uegegrup.com\/index.php?rest_route=%2Fwp%2Fv2%2Fcomments&post=15"}],"version-history":[{"count":1,"href":"https:\/\/uegegrup.com\/index.php?rest_route=\/wp\/v2\/pages\/15\/revisions"}],"predecessor-version":[{"id":16,"href":"https:\/\/uegegrup.com\/index.php?rest_route=\/wp\/v2\/pages\/15\/revisions\/16"}],"wp:attachment":[{"href":"https:\/\/uegegrup.com\/index.php?rest_route=%2Fwp%2Fv2%2Fmedia&parent=15"}],"curies":[{"name":"wp","href":"https:\/\/api.w.org\/{rel}","templated":true}]}}